{"id":228,"date":"2011-01-16T12:48:44","date_gmt":"2011-01-16T10:48:44","guid":{"rendered":"http:\/\/andreaszapf.de\/blog\/?page_id=228"},"modified":"2019-04-29T21:20:30","modified_gmt":"2019-04-29T19:20:30","slug":"impressum","status":"publish","type":"page","link":"https:\/\/andreaszapf.de\/blog\/?page_id=228","title":{"rendered":"Impressum"},"content":{"rendered":"<p><strong>Verantwortlich f\u00fcr den Inhalt dieser Seiten:<\/strong><\/p>\n<p>Andreas Zapf<br \/>\nKapellenbergstr. 37<br \/>\n61389 Schmitten<\/p>\n<p>Copyright \u00a9 by Andreas Zapf &#8211; <a href=\"mailto:andreas@andreaszapf.de\">andreas@andreaszapf.de<\/a><\/p>\n<p><strong>Haftung und Gew\u00e4hrleistung<\/strong><\/p>\n<p>Die Inhalte dieser Webseite wurden mit gr\u00f6\u00dfter Sorgfalt und Vorsicht erstellt. F\u00fcr die Richtigkeit, Vollst\u00e4ndigkeit und Aktualit\u00e4t der Inhalte wird vom Betreiber der Webseite jedoch keine Gew\u00e4hr \u00fcbernommen.<\/p>\n<p>In keinem Fall kann der Betreiber dieser Webseite f\u00fcr etwaige Sch\u00e4den haftbar gemacht werden, die durch direkte oder indirekte Nutzung von Informationen enstehen. Dies schlie\u00dft auch evtl. Folgesch\u00e4den einschlie\u00dflich Datenverlust, Abfall der Systemverf\u00fcgbarkeit, entgangener Gewinn, etc. ein.<\/p>\n<p>Als Anbieter ist der Betreiber dieser Webseite gem\u00e4\u00df \u00a7 7 Abs.1 TMG f\u00fcr eigene Inhalte auf diesen Seiten nach den allgemeinen Gesetzen verantwortlich.<\/p>\n<p>Gem\u00e4\u00df \u00a77 Abs.2 TMG sowie \u00a7\u00a7 8 bis 10 TMG ist der Betreiber dieser Webseite nicht verpflichtet, \u00fcbermittelte oder gespeicherte fremde Informationen zu \u00fcberwachen oder nach Umst\u00e4nden zu forschen, die auf eine rechtswidrige T\u00e4tigkeit hinweisen.<\/p>\n<p>Verpflichtungen zur Entfernung oder Sperrung der Nutzung von Informationen nach den allgemeinen Gesetzen bleiben hiervon unber\u00fchrt. Eine diesbez\u00fcgliche Haftung ist jedoch erst ab dem Zeitpunkt der Kenntnis einer konkreten Rechtsverletzung m\u00f6glich. Bei Bekanntwerden von entsprechenden Rechtsverletzungen werden wir diese Inhalte umgehend entfernen.<\/p>\n<p>Der Betreiber dieser Webseite beh\u00e4lt sich ausdr\u00fccklich das Recht vor, ver\u00f6ffentlichte Information ohne vorherige Ank\u00fcndigung zu \u00fcberarbeiten, zu ver\u00e4ndern oder zu entfernen.<\/p>\n<p><strong>Haftung f\u00fcr Links<\/strong><\/p>\n<p>Diese Webseite enth\u00e4lt Links zu externen Webseiten Dritter, auf deren Inhalte der Betreiber dieser Webseite keinen Einfluss hat.<\/p>\n<p>Deshalb kann der Betreiber dieser Webseite f\u00fcr diese fremden Inhalte auch keine Gew\u00e4hr \u00fcbernehmen. F\u00fcr die Inhalte der verlinkten Seiten ist stets der jeweilige Anbieter oder Betreiber der Seiten verantwortlich.<\/p>\n<p>Die verlinkten Seiten wurden zum Zeitpunkt der Verlinkung auf m\u00f6gliche Rechtsverst\u00f6\u00dfe \u00fcberpr\u00fcft. Rechtswidrige Inhalte waren zum Zeitpunkt der Verlinkung nicht erkennbar. Eine permanente inhaltliche Kontrolle der verlinkten Seiten ist jedoch ohne konkrete Anhaltspunkte einer Rechtsverletzung nicht zumutbar. Bei Bekanntwerden von Rechtsverletzungen werden wir derartige Links umgehend entfernen.<\/p>\n<p><strong>Urheberrecht<\/strong><\/p>\n<p>Die durch den Betrieber dieser Webseite erstellten Inhalte und Werke unterliegen dem deutschen Urheberrecht.<\/p>\n<p>Die Vervielf\u00e4ltigung, Bearbeitung, Verbreitung und jede Art der Verwertung au\u00dferhalb der Grenzen des Urheberrechtes bedarf in jedem Fall der schriftlichen Zustimmung des Betriebers dieser Webseite.<\/p>\n<p>Downloads und Kopien dieser Seite sind nicht gestattet. Bitte verlinken Sie in einem solchen Fall auf die entsprechenden Eintr\u00e4ge.<\/p>\n<p>Soweit die Inhalte auf dieser Seite nicht vom Betreiber erstellt wurden, werden die Urheberrechte Dritter beachtet. Insbesondere werden Inhalte Dritter als solche gekennzeichnet.<\/p>\n<p>Sollten Sie trotzdem auf eine Urheberrechtsverletzung aufmerksam werden, bitten wir um einen entsprechenden Hinweis. Bei Bekanntwerden von Rechtsverletzungen werden wir derartige Inhalte umgehend entfernen.<\/p>\n<p><strong>Datenschutz<\/strong><\/p>\n<p>Die Nutzung dieser Webseite ist in der Regel ohne Angabe personenbezogener Daten m\u00f6glich. Soweit auf unseren Seiten personenbezogene Daten (beispielsweise Name, Anschrift oder eMail-Adressen) erhoben werden, erfolgt dies, soweit m\u00f6glich, stets auf freiwilliger Basis. Diese Daten werden ohne Ihre ausdr\u00fcckliche Zustimmung nicht an Dritte weitergegeben.<\/p>\n<p>Wir weisen darauf hin, dass die Daten\u00fcbertragung im Internet (z.B. bei der Kommunikation per E-Mail) Sicherheitsl\u00fccken aufweisen kann. Ein l\u00fcckenloser Schutz der Daten vor dem Zugriff durch Dritte ist nicht m\u00f6glich.<\/p>\n<p>Der Nutzung von im Rahmen der Impressumspflicht ver\u00f6ffentlichten Kontaktdaten durch Dritte zur \u00dcbersendung von nicht ausdr\u00fccklich angeforderter Werbung und Informationsmaterialien wird hiermit ausdr\u00fccklich widersprochen. Die Betreiber der Seiten behalten sich ausdr\u00fccklich rechtliche Schritte im Falle der unverlangten Zusendung von Werbeinformationen, etwa durch Spam-Mails, vor.<\/p>\n","protected":false},"excerpt":{"rendered":"<p>Verantwortlich f\u00fcr den Inhalt dieser Seiten: Andreas Zapf Kapellenbergstr. 37 61389 Schmitten Copyright \u00a9 by Andreas Zapf &#8211; andreas@andreaszapf.de Haftung und Gew\u00e4hrleistung Die Inhalte dieser Webseite wurden mit gr\u00f6\u00dfter Sorgfalt und Vorsicht erstellt. F\u00fcr die Richtigkeit, Vollst\u00e4ndigkeit und Aktualit\u00e4t der &hellip; <a href=\"https:\/\/andreaszapf.de\/blog\/?page_id=228\">Continue reading <span class=\"meta-nav\">&rarr;<\/span><\/a><\/p>\n","protected":false},"author":65,"featured_media":0,"parent":0,"menu_order":0,"comment_status":"closed","ping_status":"closed","template":"","meta":{"footnotes":""},"class_list":["post-228","page","type-page","status-publish","hentry"],"pp_statuses_selecting_workflow":false,"pp_workflow_action":"current","pp_status_selection":"publish","jetpack_shortlink":"https:\/\/wp.me\/P1azp4-3G","publishpress_future_action":{"enabled":false,"date":"2026-04-23 01:39:58","action":"change-status","newStatus":"draft","terms":[],"taxonomy":"","extraData":[]},"publishpress_future_workflow_manual_trigger":{"enabledWorkflows":[]},"_links":{"self":[{"href":"https:\/\/andreaszapf.de\/blog\/index.php?rest_route=\/wp\/v2\/pages\/228","targetHints":{"allow":["GET"]}}],"collection":[{"href":"https:\/\/andreaszapf.de\/blog\/index.php?rest_route=\/wp\/v2\/pages"}],"about":[{"href":"https:\/\/andreaszapf.de\/blog\/index.php?rest_route=\/wp\/v2\/types\/page"}],"author":[{"embeddable":true,"href":"https:\/\/andreaszapf.de\/blog\/index.php?rest_route=\/wp\/v2\/users\/65"}],"replies":[{"embeddable":true,"href":"https:\/\/andreaszapf.de\/blog\/index.php?rest_route=%2Fwp%2Fv2%2Fcomments&post=228"}],"version-history":[{"count":7,"href":"https:\/\/andreaszapf.de\/blog\/index.php?rest_route=\/wp\/v2\/pages\/228\/revisions"}],"predecessor-version":[{"id":2933,"href":"https:\/\/andreaszapf.de\/blog\/index.php?rest_route=\/wp\/v2\/pages\/228\/revisions\/2933"}],"wp:attachment":[{"href":"https:\/\/andreaszapf.de\/blog\/index.php?rest_route=%2Fwp%2Fv2%2Fmedia&parent=228"}],"curies":[{"name":"wp","href":"https:\/\/api.w.org\/{rel}","templated":true}]}}